{"id":8093,"date":"2019-11-20T14:20:44","date_gmt":"2019-11-20T07:20:44","guid":{"rendered":"https:\/\/densanvuon.com.vn\/san-pham\/chua-phan-loai\/den-led-dac-biet-c-wwl\/"},"modified":"2020-08-07T15:11:23","modified_gmt":"2020-08-07T08:11:23","slug":"den-led-dac-biet-c-wwl","status":"publish","type":"product","link":"https:\/\/densanvuon.com.vn\/en\/san-pham\/den-led-dac-biet-fx-en\/den-led-dac-biet-c-wwl\/","title":{"rendered":"\u0110\u00e8n LED chi\u1ebfu t\u01b0\u1eddng C-WWL"},"content":{"rendered":"<p><span style=\"font-weight: 400\">\u0110\u00e8n chi\u1ebfu t\u01b0\u1eddng C-WWL l\u00e0 l\u1ef1a ch\u1ecdn ho\u00e0n h\u1ea3o cho c\u00e1c d\u1ef1 \u00e1n v\u1edbi ngu\u1ed3n ng\u00e2n s\u00e1ch khi\u00eam t\u1ed1n. B\u1edfi t\u00ednh n\u0103ng ch\u1ed1ng \u0103n m\u00f2n, \u0111\u00e8n C-WWL r\u1ea5t ph\u00f9 h\u1ee3p cho nh\u1eefng d\u1ef1 \u00e1n ven bi\u1ec3n.<\/span><\/p>\n<p><span style=\"font-weight: 400\">Th\u00f4ng s\u1ed1 k\u1ef9 thu\u1eadt:<\/span><\/p>\n<ul>\n<li style=\"font-weight: 400\"><span style=\"font-weight: 400\">Ch\u1ea5t li\u1ec7u \u0111\u1ed3ng thau cao c\u1ea5p<\/span><\/li>\n<li style=\"font-weight: 400\"><span style=\"font-weight: 400\">Thi\u1ebft k\u1ebf ch\u1ed1ng \u0103n m\u00f2n<\/span><\/li>\n<li style=\"font-weight: 400\"><span style=\"font-weight: 400\">V\u1ecf m\u00e0u \u0111\u1ed3ng thi\u1ebfc b\u1eaft m\u1eaft<\/span><\/li>\n<li>Bao g\u1ed3m \u0111\u00e8n v\u00e0 ch\u00e2n c\u1eafm<\/li>\n<li style=\"font-weight: 400\"><span style=\"font-weight: 400\">\u0110\u1ebf \u0111\u00e8n MR-16<\/span><\/li>\n<li style=\"font-weight: 400\"><span style=\"font-weight: 400\">\u0110i\u1ec7n \u00e1p s\u1eed d\u1ee5ng: 10-15V<\/span><\/li>\n<\/ul>\n<p><strong>B\u1ea3o h\u00e0nh: 5 n\u0103m<\/strong><\/p>\n\n","protected":false},"excerpt":{"rendered":"<p>S\u1ed1 b\u00f3ng LED: 1.<br \/>\nC\u00f4ng su\u1ea5t ti\u00eau th\u1ee5: 5.4, 6.2 W.<\/p>\n","protected":false},"featured_media":8074,"comment_status":"closed","ping_status":"closed","template":"","meta":[],"product_brand":[],"product_cat":[963],"product_tag":[1004,1005],"class_list":{"0":"post-8093","1":"product","2":"type-product","3":"status-publish","4":"has-post-thumbnail","6":"product_cat-den-led-dac-biet-fx-en","7":"product_tag-c-wwl-en","8":"product_tag-wall-wash-light-en","10":"first","11":"instock","12":"shipping-taxable","13":"product-type-simple"},"_links":{"self":[{"href":"https:\/\/densanvuon.com.vn\/en\/wp-json\/wp\/v2\/product\/8093","targetHints":{"allow":["GET"]}}],"collection":[{"href":"https:\/\/densanvuon.com.vn\/en\/wp-json\/wp\/v2\/product"}],"about":[{"href":"https:\/\/densanvuon.com.vn\/en\/wp-json\/wp\/v2\/types\/product"}],"replies":[{"embeddable":true,"href":"https:\/\/densanvuon.com.vn\/en\/wp-json\/wp\/v2\/comments?post=8093"}],"wp:featuredmedia":[{"embeddable":true,"href":"https:\/\/densanvuon.com.vn\/en\/wp-json\/wp\/v2\/media\/8074"}],"wp:attachment":[{"href":"https:\/\/densanvuon.com.vn\/en\/wp-json\/wp\/v2\/media?parent=8093"}],"wp:term":[{"taxonomy":"product_brand","embeddable":true,"href":"https:\/\/densanvuon.com.vn\/en\/wp-json\/wp\/v2\/product_brand?post=8093"},{"taxonomy":"product_cat","embeddable":true,"href":"https:\/\/densanvuon.com.vn\/en\/wp-json\/wp\/v2\/product_cat?post=8093"},{"taxonomy":"product_tag","embeddable":true,"href":"https:\/\/densanvuon.com.vn\/en\/wp-json\/wp\/v2\/product_tag?post=8093"}],"curies":[{"name":"wp","href":"https:\/\/api.w.org\/{rel}","templated":true}]}}