{"id":8091,"date":"2019-11-20T13:39:40","date_gmt":"2019-11-20T06:39:40","guid":{"rendered":"https:\/\/densanvuon.com.vn\/san-pham\/chua-phan-loai\/den-led-tuong-bao-c-ll\/"},"modified":"2025-09-13T11:41:28","modified_gmt":"2025-09-13T04:41:28","slug":"den-led-tuong-bao-c-ll","status":"publish","type":"product","link":"https:\/\/densanvuon.com.vn\/en\/san-pham\/uncategorized\/den-led-tuong-bao-c-ll\/","title":{"rendered":"\u0110\u00e8n LED t\u01b0\u1eddng bao C-LL"},"content":{"rendered":"<p style=\"text-align: justify\"><span style=\"font-weight: 400\">\u0110\u00e8n led t\u01b0\u1eddng bao C-LL l\u00e0 l\u1ef1a ch\u1ecdn ho\u00e0n h\u1ea3o cho c\u00e1c d\u1ef1 \u00e1n v\u1edbi ngu\u1ed3n ng\u00e2n s\u00e1ch khi\u00eam t\u1ed1n. B\u1edfi t\u00ednh n\u0103ng ch\u1ed1ng \u0103n m\u00f2n, \u0111\u00e8n C-LL r\u1ea5t ph\u00f9 h\u1ee3p cho nh\u1eefng d\u1ef1 \u00e1n ven bi\u1ec3n.<\/span><\/p>\n<p style=\"text-align: justify\"><span style=\"font-weight: 400\">Th\u00f4ng s\u1ed1 k\u1ef9 thu\u1eadt:<\/span><\/p>\n<ul style=\"text-align: justify\">\n<li style=\"font-weight: 400\"><span style=\"font-weight: 400\">Ch\u1ea5t li\u1ec7u \u0111\u1ed3ng thau cao c\u1ea5p<\/span><\/li>\n<li style=\"font-weight: 400\"><span style=\"font-weight: 400\">Thi\u1ebft k\u1ebf ch\u1ed1ng \u0103n m\u00f2n<\/span><\/li>\n<li style=\"font-weight: 400\"><span style=\"font-weight: 400\">V\u1ecf m\u00e0u \u0111\u1ed3ng b\u1eaft m\u1eaft<\/span><\/li>\n<li style=\"font-weight: 400\"><span style=\"font-weight: 400\">\u0110\u00e8n LED t\u00edch h\u1ee3p<\/span><\/li>\n<li style=\"font-weight: 400\"><span style=\"font-weight: 400\">\u0110i\u1ec7n \u00e1p s\u1eed d\u1ee5ng: 10-15V<\/span><\/li>\n<\/ul>\n<p style=\"text-align: justify\"><strong>B\u1ea3o h\u00e0nh: 5 n\u0103m<\/strong><\/p>\n\n","protected":false},"excerpt":{"rendered":"<p>S\u1ed1 b\u00f3ng LED: 1.<br \/>\nC\u00f4ng su\u1ea5t ti\u00eau th\u1ee5: 4.2 W.<\/p>\n","protected":false},"featured_media":8059,"comment_status":"closed","ping_status":"closed","template":"","meta":[],"product_brand":[],"product_cat":[],"product_tag":[],"class_list":{"0":"post-8091","1":"product","2":"type-product","3":"status-publish","4":"has-post-thumbnail","7":"first","8":"instock","9":"shipping-taxable","10":"product-type-simple"},"_links":{"self":[{"href":"https:\/\/densanvuon.com.vn\/en\/wp-json\/wp\/v2\/product\/8091","targetHints":{"allow":["GET"]}}],"collection":[{"href":"https:\/\/densanvuon.com.vn\/en\/wp-json\/wp\/v2\/product"}],"about":[{"href":"https:\/\/densanvuon.com.vn\/en\/wp-json\/wp\/v2\/types\/product"}],"replies":[{"embeddable":true,"href":"https:\/\/densanvuon.com.vn\/en\/wp-json\/wp\/v2\/comments?post=8091"}],"wp:featuredmedia":[{"embeddable":true,"href":"https:\/\/densanvuon.com.vn\/en\/wp-json\/wp\/v2\/media\/8059"}],"wp:attachment":[{"href":"https:\/\/densanvuon.com.vn\/en\/wp-json\/wp\/v2\/media?parent=8091"}],"wp:term":[{"taxonomy":"product_brand","embeddable":true,"href":"https:\/\/densanvuon.com.vn\/en\/wp-json\/wp\/v2\/product_brand?post=8091"},{"taxonomy":"product_cat","embeddable":true,"href":"https:\/\/densanvuon.com.vn\/en\/wp-json\/wp\/v2\/product_cat?post=8091"},{"taxonomy":"product_tag","embeddable":true,"href":"https:\/\/densanvuon.com.vn\/en\/wp-json\/wp\/v2\/product_tag?post=8091"}],"curies":[{"name":"wp","href":"https:\/\/api.w.org\/{rel}","templated":true}]}}