{"id":7674,"date":"2017-05-21T14:25:08","date_gmt":"2017-05-21T07:25:08","guid":{"rendered":"https:\/\/densanvuon.com.vn\/download\/"},"modified":"2024-03-04T17:15:20","modified_gmt":"2024-03-04T10:15:20","slug":"download","status":"publish","type":"page","link":"https:\/\/densanvuon.com.vn\/en\/download\/","title":{"rendered":"Download"},"content":{"rendered":"\t<div  class=\"row container \">\n<div class=\"small-12    large-6  columns   \"  ><div class=\"column-inner\"  >\n<div class=\"sdm_download_item \"><div class=\"sdm_download_item_top\"><div class=\"sdm_download_thumbnail\"><img decoding=\"async\" class=\"sdm_download_thumbnail_image\" src=\"https:\/\/densanvuon.com.vn\/wp-content\/uploads\/sites\/4\/2020\/05\/FX-Catalogue.png\" alt = \"Catalog FXLuminaire\" \/><\/div><div class=\"sdm_download_title\">Catalog FXLuminaire<\/div><\/div><div style=\"clear:both;\"><\/div><div class=\"sdm_download_description\"><p>Catalog FXLuminaire.<\/p>\n<\/div><div class=\"sdm_download_link\"><span class=\"sdm_download_button\"><a href=\"https:\/\/densanvuon.com.vn\/en\/?sdm_process_download=1&download_id=7705\" class=\"sdm_download green\" title=\"Catalog FXLuminaire\" target=\"_self\">Download Now!<\/a><\/span><span class=\"sdm_download_item_count\"><span class=\"sdm_item_count_number\">1007<\/span><span class=\"sdm_item_count_string\"> Downloads<\/span><\/span><\/div><\/div><div class=\"sdm_clear_float\"><\/div>\n<div class=\"sdm_download_item \"><div class=\"sdm_download_item_top\"><div class=\"sdm_download_thumbnail\"><img decoding=\"async\" class=\"sdm_download_thumbnail_image\" src=\"http:\/\/densanvuon.com.vn\/wp-content\/uploads\/sites\/4\/2017\/05\/resource-guide.jpg\" alt = \"Technical Support\" \/><\/div><div class=\"sdm_download_title\">Technical Support<\/div><\/div><div style=\"clear:both;\"><\/div><div class=\"sdm_download_description\"><p>FX Luminaire Technical Support.<\/p>\n<\/div><div class=\"sdm_download_link\"><span class=\"sdm_download_button\"><a href=\"https:\/\/densanvuon.com.vn\/en\/?sdm_process_download=1&download_id=9158\" class=\"sdm_download green\" title=\"Technical Support\" target=\"_self\">Download Now!<\/a><\/span><span class=\"sdm_download_item_count\"><span class=\"sdm_item_count_number\">180<\/span><span class=\"sdm_item_count_string\"> Downloads<\/span><\/span><\/div><\/div><div class=\"sdm_clear_float\"><\/div>\n<div class=\"sdm_download_item \"><div class=\"sdm_download_item_top\"><div class=\"sdm_download_thumbnail\"><img decoding=\"async\" class=\"sdm_download_thumbnail_image\" src=\"http:\/\/densanvuon.com.vn\/wp-content\/uploads\/sites\/4\/2017\/05\/LX-transformer.jpg\" alt = \"LX Transformer\" \/><\/div><div class=\"sdm_download_title\">LX Transformer<\/div><\/div><div style=\"clear:both;\"><\/div><div class=\"sdm_download_description\"><p>The LX Transformer is the industry&#8217;s first fully digital lighting control transformer.<\/p>\n<\/div><div class=\"sdm_download_link\"><span class=\"sdm_download_button\"><a href=\"https:\/\/densanvuon.com.vn\/en\/?sdm_process_download=1&download_id=9155\" class=\"sdm_download green\" title=\"LX Transformer\" target=\"_self\">Download Now!<\/a><\/span><span class=\"sdm_download_item_count\"><span class=\"sdm_item_count_number\">172<\/span><span class=\"sdm_item_count_string\"> Downloads<\/span><\/span><\/div><\/div><div class=\"sdm_clear_float\"><\/div>\n<div class=\"sdm_download_item \"><div class=\"sdm_download_item_top\"><div class=\"sdm_download_thumbnail\"><img decoding=\"async\" class=\"sdm_download_thumbnail_image\" src=\"http:\/\/densanvuon.com.vn\/wp-content\/uploads\/sites\/4\/2017\/05\/Luxor-cube.png\" alt = \"Luxor CUBE\" \/><\/div><div class=\"sdm_download_title\">Luxor CUBE<\/div><\/div><div style=\"clear:both;\"><\/div><div class=\"sdm_download_description\"><p>Luxor CUBE Accessory<\/p>\n<\/div><div class=\"sdm_download_link\"><span class=\"sdm_download_button\"><a href=\"https:\/\/densanvuon.com.vn\/en\/?sdm_process_download=1&download_id=9163\" class=\"sdm_download green\" title=\"Luxor CUBE\" target=\"_self\">Download Now!<\/a><\/span><span class=\"sdm_download_item_count\"><span class=\"sdm_item_count_number\">149<\/span><span class=\"sdm_item_count_string\"> Downloads<\/span><\/span><\/div><\/div><div class=\"sdm_clear_float\"><\/div>\n<div class=\"sdm_download_item \"><div class=\"sdm_download_item_top\"><div class=\"sdm_download_thumbnail\"><img decoding=\"async\" class=\"sdm_download_thumbnail_image\" src=\"http:\/\/densanvuon.com.vn\/wp-content\/uploads\/sites\/4\/2017\/05\/id_lx_pdf.png\" alt = \"LX Transfomrmer Details PDF\" \/><\/div><div class=\"sdm_download_title\">LX Transfomrmer Details PDF<\/div><\/div><div style=\"clear:both;\"><\/div><div class=\"sdm_download_description\"><p>Details pdf drawing of LX transformer.<\/p>\n<\/div><div class=\"sdm_download_link\"><span class=\"sdm_download_button\"><a href=\"https:\/\/densanvuon.com.vn\/en\/?sdm_process_download=1&download_id=9166\" class=\"sdm_download green\" title=\"LX Transfomrmer Details PDF\" target=\"_self\">Download Now!<\/a><\/span><span class=\"sdm_download_item_count\"><span class=\"sdm_item_count_number\">557<\/span><span class=\"sdm_item_count_string\"> Downloads<\/span><\/span><\/div><\/div><div class=\"sdm_clear_float\"><\/div>\n<div class=\"sdm_download_item \"><div class=\"sdm_download_item_top\"><div class=\"sdm_download_thumbnail\"><img decoding=\"async\" class=\"sdm_download_thumbnail_image\" src=\"http:\/\/densanvuon.com.vn\/wp-content\/uploads\/sites\/4\/2017\/05\/cad-luxor-cube.png\" alt = \"CAD Details Luxor CUBE\" \/><\/div><div class=\"sdm_download_title\">CAD Details Luxor CUBE<\/div><\/div><div style=\"clear:both;\"><\/div><div class=\"sdm_download_description\"><p>Details cad drawing of Luxor CUBE.<\/p>\n<\/div><div class=\"sdm_download_link\"><span class=\"sdm_download_button\"><a href=\"https:\/\/densanvuon.com.vn\/en\/?sdm_process_download=1&download_id=9169\" class=\"sdm_download green\" title=\"CAD Details Luxor CUBE\" target=\"_self\">Download Now!<\/a><\/span><span class=\"sdm_download_item_count\"><span class=\"sdm_item_count_number\">533<\/span><span class=\"sdm_item_count_string\"> Downloads<\/span><\/span><\/div><\/div><div class=\"sdm_clear_float\"><\/div>\n<\/div><\/div>\n<div class=\"small-12    large-6  columns   \"  ><div class=\"column-inner\"  >\n<div class=\"sdm_download_item \"><div class=\"sdm_download_item_top\"><div class=\"sdm_download_thumbnail\"><img decoding=\"async\" class=\"sdm_download_thumbnail_image\" src=\"http:\/\/densanvuon.com.vn\/wp-content\/uploads\/sites\/4\/2017\/05\/Product-guide.jpg\" alt = \"Product Guide\" \/><\/div><div class=\"sdm_download_title\">Product Guide<\/div><\/div><div style=\"clear:both;\"><\/div><div class=\"sdm_download_description\"><p>T\u1ed5ng quan v\u1ec1 c\u00e1c lo\u1ea1i \u0111\u00e8n s\u00e2n v\u01b0\u1eddn FX<\/p>\n<\/div><div class=\"sdm_download_link\"><span class=\"sdm_download_button\"><a href=\"https:\/\/densanvuon.com.vn\/en\/?sdm_process_download=1&download_id=1940\" class=\"sdm_download green\" title=\"Product Guide\" target=\"_self\">Download Now!<\/a><\/span><span class=\"sdm_download_item_count\"><span class=\"sdm_item_count_number\">1780<\/span><span class=\"sdm_item_count_string\"> Downloads<\/span><\/span><\/div><\/div><div class=\"sdm_clear_float\"><\/div>\n<div class=\"sdm_download_item \"><div class=\"sdm_download_item_top\"><div class=\"sdm_download_thumbnail\"><img decoding=\"async\" class=\"sdm_download_thumbnail_image\" src=\"http:\/\/densanvuon.com.vn\/wp-content\/uploads\/sites\/4\/2017\/05\/Luxor-controller-1.jpg\" alt = \"Luxor Controller\" \/><\/div><div class=\"sdm_download_title\">Luxor Controller<\/div><\/div><div style=\"clear:both;\"><\/div><div class=\"sdm_download_description\"><p>Instructions install and use the Luxor controller.<\/p>\n<\/div><div class=\"sdm_download_link\"><span class=\"sdm_download_button\"><a href=\"https:\/\/densanvuon.com.vn\/en\/?sdm_process_download=1&download_id=9134\" class=\"sdm_download green\" title=\"Luxor Controller\" target=\"_self\">Download Now!<\/a><\/span><span class=\"sdm_download_item_count\"><span class=\"sdm_item_count_number\">171<\/span><span class=\"sdm_item_count_string\"> Downloads<\/span><\/span><\/div><\/div><div class=\"sdm_clear_float\"><\/div>\n<div class=\"sdm_download_item \"><div class=\"sdm_download_item_top\"><div class=\"sdm_download_thumbnail\"><img decoding=\"async\" class=\"sdm_download_thumbnail_image\" src=\"http:\/\/densanvuon.com.vn\/wp-content\/uploads\/sites\/4\/2017\/05\/PX-Transformer.png\" alt = \"PX Transformer\" \/><\/div><div class=\"sdm_download_title\">PX Transformer<\/div><\/div><div style=\"clear:both;\"><\/div><div class=\"sdm_download_description\"><p>This is the high tech heart of the FX Luminaire low voltage lighting system.<\/p>\n<\/div><div class=\"sdm_download_link\"><span class=\"sdm_download_button\"><a href=\"https:\/\/densanvuon.com.vn\/en\/?sdm_process_download=1&download_id=9143\" class=\"sdm_download green\" title=\"PX Transformer\" target=\"_self\">Download Now!<\/a><\/span><span class=\"sdm_download_item_count\"><span class=\"sdm_item_count_number\">158<\/span><span class=\"sdm_item_count_string\"> Downloads<\/span><\/span><\/div><\/div><div class=\"sdm_clear_float\"><\/div>\n<div class=\"sdm_download_item \"><div class=\"sdm_download_item_top\"><div class=\"sdm_download_thumbnail\"><img decoding=\"async\" class=\"sdm_download_thumbnail_image\" src=\"http:\/\/densanvuon.com.vn\/wp-content\/uploads\/sites\/4\/2017\/05\/cad_details_luxor_transformer.png\" alt = \"CAD Details Luxor Transformer\" \/><\/div><div class=\"sdm_download_title\">CAD Details Luxor Transformer<\/div><\/div><div style=\"clear:both;\"><\/div><div class=\"sdm_download_description\"><p>Details cad drawing of Luxor transformer.<\/p>\n<\/div><div class=\"sdm_download_link\"><span class=\"sdm_download_button\"><a href=\"https:\/\/densanvuon.com.vn\/en\/?sdm_process_download=1&download_id=9148\" class=\"sdm_download green\" title=\"CAD Details Luxor Transformer\" target=\"_self\">Download Now!<\/a><\/span><span class=\"sdm_download_item_count\"><span class=\"sdm_item_count_number\">424<\/span><span class=\"sdm_item_count_string\"> Downloads<\/span><\/span><\/div><\/div><div class=\"sdm_clear_float\"><\/div>\n<div class=\"sdm_download_item \"><div class=\"sdm_download_item_top\"><div class=\"sdm_download_thumbnail\"><img decoding=\"async\" class=\"sdm_download_thumbnail_image\" src=\"http:\/\/densanvuon.com.vn\/wp-content\/uploads\/sites\/4\/2017\/05\/id_lx_dwg.png\" alt = \"LX Transformer Details CAD\" \/><\/div><div class=\"sdm_download_title\">LX Transformer Details CAD<\/div><\/div><div style=\"clear:both;\"><\/div><div class=\"sdm_download_description\"><p>Details cad drawing of LX transformer.<\/p>\n<\/div><div class=\"sdm_download_link\"><span class=\"sdm_download_button\"><a href=\"https:\/\/densanvuon.com.vn\/en\/?sdm_process_download=1&download_id=9151\" class=\"sdm_download green\" title=\"LX Transformer Details CAD\" target=\"_self\">Download Now!<\/a><\/span><span class=\"sdm_download_item_count\"><span class=\"sdm_item_count_number\">441<\/span><span class=\"sdm_item_count_string\"> Downloads<\/span><\/span><\/div><\/div><div class=\"sdm_clear_float\"><\/div>\n<\/div><\/div>\n<\/div>\n  \n\n","protected":false},"excerpt":{"rendered":"","protected":false},"author":2,"featured_media":0,"parent":0,"menu_order":0,"comment_status":"closed","ping_status":"closed","template":"page-blank-title-center.php","meta":{"footnotes":""},"class_list":["post-7674","page","type-page","status-publish","hentry"],"_links":{"self":[{"href":"https:\/\/densanvuon.com.vn\/en\/wp-json\/wp\/v2\/pages\/7674","targetHints":{"allow":["GET"]}}],"collection":[{"href":"https:\/\/densanvuon.com.vn\/en\/wp-json\/wp\/v2\/pages"}],"about":[{"href":"https:\/\/densanvuon.com.vn\/en\/wp-json\/wp\/v2\/types\/page"}],"author":[{"embeddable":true,"href":"https:\/\/densanvuon.com.vn\/en\/wp-json\/wp\/v2\/users\/2"}],"replies":[{"embeddable":true,"href":"https:\/\/densanvuon.com.vn\/en\/wp-json\/wp\/v2\/comments?post=7674"}],"version-history":[{"count":2,"href":"https:\/\/densanvuon.com.vn\/en\/wp-json\/wp\/v2\/pages\/7674\/revisions"}],"predecessor-version":[{"id":9170,"href":"https:\/\/densanvuon.com.vn\/en\/wp-json\/wp\/v2\/pages\/7674\/revisions\/9170"}],"wp:attachment":[{"href":"https:\/\/densanvuon.com.vn\/en\/wp-json\/wp\/v2\/media?parent=7674"}],"curies":[{"name":"wp","href":"https:\/\/api.w.org\/{rel}","templated":true}]}}